{"id":10637,"date":"2020-11-25T09:51:54","date_gmt":"2020-11-25T09:51:54","guid":{"rendered":"https:\/\/bestmaresme.com\/blog\/?page_id=10637"},"modified":"2023-07-21T20:07:17","modified_gmt":"2023-07-21T20:07:17","slug":"productos-gastronomicos-del-maresme","status":"publish","type":"page","link":"https:\/\/bestmaresme.com\/blog\/productos-gastronomicos-del-maresme\/","title":{"rendered":"Productos gastron\u00f3micos del Maresme"},"content":{"rendered":"<p>Guisantes, fresas, sardinas, calamares, vino\u2026 la comarca del Maresme ofrece un muy amplio y diverso <a href=\"https:\/\/bestmaresme.com\/blog\/descubre-el-maresme-a-traves-del-gusto\/\"><strong>men\u00fa gastron\u00f3mico de productos de muy alta calidad<\/strong><\/a>. A lo largo del a\u00f1o y en la mayor parte de los <a href=\"https:\/\/bestmaresme.com\/blog\/las-ferias-gastronomicas-del-maresme-pueblo-a-pueblo\">pueblos del Maresme<\/a> se suceden <strong><a href=\"https:\/\/bestmaresme.com\/blog\/calendario-de-ferias-gastronomicas-en-el-maresme\">ferias <\/a><a href=\"https:\/\/bestmaresme.com\/blog\/calendario-de-ferias-gastronomicas-en-el-maresme\">y fiestas <\/a><a href=\"https:\/\/bestmaresme.com\/blog\/fiestas-mayores-del-maresme-mes-a-mes\/\">gastron\u00f3micas<\/a><\/strong> que son cita obligada de cualquier amante del buen comer. Pocos meses hay en los que no encontremos alguna actividad gastron\u00f3mica. No en vano el Maresme acoge una de los mayores huertas del pa\u00eds.<\/p>\n<p>A ra\u00edz de la pandemia provocada por el Covid19 y las correspondientes medidas sanitarias, el 2020 muchas de estas ferias no se han celebrado. El objetivo es que en el 2021 vuelvan a ser citas obligadas.<\/p>\n<div>\n<h2><b>Los productos gastron\u00f3micos del Maresme y sus ferias<\/b><\/h2>\n<\/div>\n<table class=\"egt\">\n<tbody>\n<tr>\n<td><strong><strong><img decoding=\"async\" loading=\"lazy\" class=\"alignleft size-thumbnail wp-image-10679\" src=\"https:\/\/bestmaresme.com\/blog\/wp-content\/uploads\/2020\/11\/noticia_calamarenys2014-150x150.jpg\" alt=\"\" width=\"150\" height=\"150\" \/>Calamares<\/strong><\/strong><\/p>\n<p><strong>Arenys de Mar<\/strong><br \/>\n&#8220;<a href=\"https:\/\/bestmaresme.com\/blog\/calamarenys-2019-en-arenys-de-mar\/\">Calamarenys. Jornades Gastron\u00f2miques del Calamar<\/a>\u201d que se desarrollan en octubre.<\/td>\n<\/tr>\n<\/tbody>\n<\/table>\n<div>\n<div>\n<table class=\"egt\">\n<tbody>\n<tr>\n<td><strong><img decoding=\"async\" loading=\"lazy\" class=\"alignleft size-thumbnail wp-image-10680\" src=\"https:\/\/bestmaresme.com\/blog\/wp-content\/uploads\/2020\/11\/cargols-a-la-llauna-150x150.jpg\" alt=\"\" width=\"150\" height=\"150\" \/><\/strong><strong>Caracoles<\/strong><\/p>\n<p><strong>Canet de Mar<\/strong><\/p>\n<p>Durante la Diada tiene lugar la \u201cCargolada\u201d, un concurso de cocina de caracoles y una degustaci\u00f3n popular.<\/td>\n<\/tr>\n<\/tbody>\n<\/table>\n<\/div>\n<\/div>\n<div>\n<table class=\"egt\">\n<tbody>\n<tr>\n<td><img decoding=\"async\" loading=\"lazy\" class=\"alignleft size-thumbnail wp-image-10708\" src=\"https:\/\/bestmaresme.com\/blog\/wp-content\/uploads\/2020\/11\/cirerarroca-150x150.jpg\" alt=\"Cirera d'en Roca\" width=\"150\" height=\"150\" \/><\/p>\n<div>\n<p><strong>Cirera d\u2019en Roca<\/strong><\/p>\n<p><strong>Arenys de Munt<\/strong><\/p>\n<p>En junio se celebra la Fira de la Cirera d&#8217;en Roca i Jornades Gastron\u00f2miques en Arenys de Munt<\/p>\n<\/div>\n<\/td>\n<\/tr>\n<\/tbody>\n<\/table>\n<\/div>\n<div>\n<table class=\"egt\">\n<tbody>\n<tr>\n<td><img decoding=\"async\" loading=\"lazy\" class=\"alignleft wp-image-6621 size-thumbnail\" src=\"https:\/\/bestmaresme.com\/blog\/wp-content\/uploads\/2019\/02\/Coca-de-Llavaneras02-596x445-150x150.jpg\" alt=\"\" width=\"150\" height=\"150\" \/><\/p>\n<p><strong>Coca de Llavaneres<\/strong><\/p>\n<p><strong>Sant Andreu de Llavaneres<\/strong><\/p>\n<p>Hacia mediados de noviembre tiene lugar la Festa gastron\u00f2mica de la <a href=\"https:\/\/bestmaresme.com\/blog\/exquisitos-dulces-del-maresme\/\">Coca de Llavaneres<\/a><\/td>\n<\/tr>\n<\/tbody>\n<\/table>\n<\/div>\n<div>\n<table class=\"egt\">\n<tbody>\n<tr>\n<td><strong><img decoding=\"async\" loading=\"lazy\" class=\"alignleft size-thumbnail wp-image-10709\" src=\"https:\/\/bestmaresme.com\/blog\/wp-content\/uploads\/2020\/11\/mongeta_ganxet-150x150.jpg\" alt=\"\" width=\"150\" height=\"150\" \/>F\u00e9sol del ganxet (jud\u00eda de gancho)<\/strong><\/p>\n<p>A finales de marzo<strong> Tordera<\/strong> y otros pueblos de la comarca.<\/td>\n<\/tr>\n<\/tbody>\n<\/table>\n<\/div>\n<div>\n<table class=\"egt\">\n<tbody>\n<tr>\n<td><img decoding=\"async\" loading=\"lazy\" class=\"alignleft size-thumbnail wp-image-5226\" src=\"https:\/\/bestmaresme.com\/blog\/wp-content\/uploads\/2018\/11\/fresas-st-pol-150x150.jpg\" alt=\"\" width=\"150\" height=\"150\" srcset=\"https:\/\/bestmaresme.com\/blog\/wp-content\/uploads\/2018\/11\/fresas-st-pol-150x150.jpg 150w, https:\/\/bestmaresme.com\/blog\/wp-content\/uploads\/2018\/11\/fresas-st-pol-88x88.jpg 88w\" sizes=\"(max-width: 150px) 100vw, 150px\" \/><strong>\u201cMaduixes\u201d (fresas)<\/strong><\/p>\n<p>Temps de Maduixes<\/p>\n<p>En primavera muchos pueblos del Maresme celebran ferias dedicadas a las fresas, uno de los productos estrella de la comarca: Arenys de Mar, Arenys de Munt, Calella, Canet de Mar, Matar\u00f3, Pineda de Mar, Premi\u00e0 de Dalt, Sant Pol de Mar, Santa Susanna, Sant Cebri\u00e0 de Vallalta, Sant Iscle de Vallalta y Vilassar de Dalt.<\/td>\n<\/tr>\n<\/tbody>\n<\/table>\n<\/div>\n<div>\n<table class=\"egt\">\n<tbody>\n<tr>\n<td><strong><img decoding=\"async\" loading=\"lazy\" class=\"alignleft size-thumbnail wp-image-6617\" src=\"https:\/\/bestmaresme.com\/blog\/wp-content\/uploads\/2019\/02\/guisante-con-vaina-garrofal-150x150.jpeg\" alt=\"\" width=\"150\" height=\"150\" \/>\u201cP\u00e8sols\u201d (guisantes)<\/strong><\/p>\n<p><a href=\"https:\/\/bestmaresme.com\/blog\/tiempo-de-guisantes-la-perla-verde-del-maresme\/\">Temps de p\u00e8sols<\/a><\/p>\n<p>Entre marzo y abril tiene lugar esta cita gastron\u00f3mica en muchos restaurantes del Maresme. Entre los pueblos participantes est\u00e1n Arenys de Mar, Argentona, Caldes d\u2019Estrac, Canet de Mar, El Masnou, Matar\u00f3, Sant Andreu de Llavaneres, Sant Pol de Mar y Sant Vicen\u00e7 de Montalt.<\/td>\n<\/tr>\n<\/tbody>\n<\/table>\n<\/div>\n<div>\n<table class=\"egt\">\n<tbody>\n<tr>\n<td><img decoding=\"async\" loading=\"lazy\" class=\"alignleft size-thumbnail wp-image-10711\" src=\"https:\/\/bestmaresme.com\/blog\/wp-content\/uploads\/2020\/11\/formatge-150x150.jpg\" alt=\"\" width=\"150\" height=\"150\" \/><strong>Quesos<\/strong><\/p>\n<p><strong>Sant Pol de Mar.<\/strong><\/p>\n<p>A finales de abril tiene lugar la Fira del Maresme d&#8217;artesans del Formatge i de Pastor<\/td>\n<\/tr>\n<\/tbody>\n<\/table>\n<\/div>\n<div>\n<table class=\"egt\">\n<tbody>\n<tr>\n<td><strong><img decoding=\"async\" loading=\"lazy\" class=\"alignleft size-thumbnail wp-image-10713\" src=\"https:\/\/bestmaresme.com\/blog\/wp-content\/uploads\/2020\/11\/sardinadah-150x150.jpg\" alt=\"\" width=\"150\" height=\"150\" \/>Sardinas<\/strong><\/p>\n<p>A principos de septiembre tiene lugar la Sardinada popular en<strong> Sant Pol de Mar<\/strong> y a mediados de mes en\u00a0<strong>Canet de Mar.<\/strong><\/td>\n<\/tr>\n<\/tbody>\n<\/table>\n<\/div>\n<div>\n<table class=\"egt\">\n<tbody>\n<tr>\n<td><strong><img decoding=\"async\" loading=\"lazy\" class=\"alignleft size-thumbnail wp-image-10714\" src=\"https:\/\/bestmaresme.com\/blog\/wp-content\/uploads\/2020\/11\/festa-del-bolet-a-santa-susanna-150x150.jpg\" alt=\"\" width=\"150\" height=\"150\" \/>Setas<\/strong><\/p>\n<p>En oto\u00f1o tienen lugar jornadas gastron\u00f3micas dedicadas a las setas en<strong> Arenys de Mar, Santa Susanna<\/strong> y <strong>Vilassar de Dalt.<\/strong><\/td>\n<\/tr>\n<\/tbody>\n<\/table>\n<\/div>\n<div>\n<table class=\"egt\">\n<tbody>\n<tr>\n<td><strong><img decoding=\"async\" loading=\"lazy\" class=\"alignleft size-thumbnail wp-image-1575\" src=\"https:\/\/bestmaresme.com\/blog\/wp-content\/uploads\/2016\/09\/Vinyes-DO-Alella_10210_Turismo-Verde-S.L.-150x150.jpg\" alt=\"\" width=\"150\" height=\"150\" srcset=\"https:\/\/bestmaresme.com\/blog\/wp-content\/uploads\/2016\/09\/Vinyes-DO-Alella_10210_Turismo-Verde-S.L.-150x150.jpg 150w, https:\/\/bestmaresme.com\/blog\/wp-content\/uploads\/2016\/09\/Vinyes-DO-Alella_10210_Turismo-Verde-S.L.-88x88.jpg 88w\" sizes=\"(max-width: 150px) 100vw, 150px\" \/>Vino\u00a0<\/strong><\/p>\n<p><a href=\"https:\/\/bestmaresme.com\/blog\/vive-la-festa-de-la-verema-de-alella-del-4-14-setiembre-2019\/\"><strong>Alella<\/strong> <\/a>y los 28 municipios incluidos en la <strong>DO Alella<\/strong>.<\/p>\n<p>En septiembre, tras la vendimia, tiene lugar ferias dedicadas al<a href=\"https:\/\/bestmaresme.com\/blog\/vino-y-mar-ruta-por-la-do-alella\/\"> vino de la DO Alella<\/a>.<\/td>\n<\/tr>\n<\/tbody>\n<\/table>\n<\/div>\n<p><\/p>","protected":false},"excerpt":{"rendered":"<p>Guisantes, fresas, sardinas, calamares, vino\u2026 la comarca del Maresme ofrece un muy amplio y diverso men\u00fa gastron\u00f3mico de productos de muy alta calidad. A lo&hellip; <\/p>\n","protected":false},"author":1,"featured_media":10748,"parent":0,"menu_order":0,"comment_status":"closed","ping_status":"closed","template":"","meta":{"footnotes":""},"_links":{"self":[{"href":"https:\/\/bestmaresme.com\/blog\/wp-json\/wp\/v2\/pages\/10637"}],"collection":[{"href":"https:\/\/bestmaresme.com\/blog\/wp-json\/wp\/v2\/pages"}],"about":[{"href":"https:\/\/bestmaresme.com\/blog\/wp-json\/wp\/v2\/types\/page"}],"author":[{"embeddable":true,"href":"https:\/\/bestmaresme.com\/blog\/wp-json\/wp\/v2\/users\/1"}],"replies":[{"embeddable":true,"href":"https:\/\/bestmaresme.com\/blog\/wp-json\/wp\/v2\/comments?post=10637"}],"version-history":[{"count":20,"href":"https:\/\/bestmaresme.com\/blog\/wp-json\/wp\/v2\/pages\/10637\/revisions"}],"predecessor-version":[{"id":38993,"href":"https:\/\/bestmaresme.com\/blog\/wp-json\/wp\/v2\/pages\/10637\/revisions\/38993"}],"wp:featuredmedia":[{"embeddable":true,"href":"https:\/\/bestmaresme.com\/blog\/wp-json\/wp\/v2\/media\/10748"}],"wp:attachment":[{"href":"https:\/\/bestmaresme.com\/blog\/wp-json\/wp\/v2\/media?parent=10637"}],"curies":[{"name":"wp","href":"https:\/\/api.w.org\/{rel}","templated":true}]}}