{"id":10698,"date":"2020-11-25T09:52:13","date_gmt":"2020-11-25T09:52:13","guid":{"rendered":"https:\/\/bestmaresme.com\/blog\/?page_id=10698"},"modified":"2023-07-21T20:07:17","modified_gmt":"2023-07-21T20:07:17","slug":"calendario-de-ferias-gastronomicas-en-el-maresme","status":"publish","type":"page","link":"https:\/\/bestmaresme.com\/blog\/calendario-de-ferias-gastronomicas-en-el-maresme\/","title":{"rendered":"Calendario de ferias gastron\u00f3micas en el Maresme"},"content":{"rendered":"<p><\/p>\n<h2><b>Un a\u00f1o entre fresas, guisantes o vino<\/b><\/h2>\n<p>La <a href=\"https:\/\/bestmaresme.com\/blog\/productos-gastronomicos-del-maresme\">gastronom\u00eda del Maresme<\/a> es muy apreciada tanto por la calidad como por la variedad de sus productos principales. Productos de la tierra y del mar reconocidos en todo el territorio y que encontramos en la mayor\u00eda de los <a href=\"https:\/\/bestmaresme.com\/blog\/las-ferias-gastronomicas-del-maresme-pueblo-a-pueblo\">pueblos del Maresme<\/a>. Una buena manera de conocerlos y acercarse a ellos es participar en las numerosas ferias y fiestas gastron\u00f3micas que tienen lugar a lo largo de todo el a\u00f1o.<\/p>\n<h6><b>Febrero<\/b><\/h6>\n<p><strong>Entre los meses de febrero y abril:<\/strong>\u00a0<a href=\"https:\/\/bestmaresme.com\/blog\/jornada-gastronomica-del-guisante-del-maresme\/\">\u201cTemps de p\u00e8sols\u201d (Tiempo de guisantes)<\/a> se celebra en diversos pueblos con rutas gastron\u00f3micas, degustaciones, tallers de cocina, men\u00fas especializados, entre otras actividades. Los pueblos en los que encontramos esta actividad son: <strong>Arenys de Mar, Argentona, Caldes d\u2019Estrac, Canet de Mar, El Masnou, Matar\u00f3, Sant Andreu de Llavaneres, Sant Pol de Mar<\/strong> y <strong>Sant Vicen\u00e7 de Montalt<\/strong>.<\/p>\n<p><img decoding=\"async\" loading=\"lazy\" class=\"aligncenter wp-image-6615 \" src=\"https:\/\/bestmaresme.com\/blog\/wp-content\/uploads\/2019\/02\/guisante-la-floreta.jpg\" alt=\"\" width=\"286\" height=\"286\" srcset=\"https:\/\/bestmaresme.com\/blog\/wp-content\/uploads\/2019\/02\/guisante-la-floreta.jpg 221w, https:\/\/bestmaresme.com\/blog\/wp-content\/uploads\/2019\/02\/guisante-la-floreta-150x150.jpg 150w\" sizes=\"(max-width: 286px) 100vw, 286px\" \/><\/p>\n<h6><strong>Carnava<\/strong>l<\/h6>\n<p>\u201cDijous llarder\u201d (Jueves lardero) en <strong>Canet de Mar<\/strong> con tortillas y butifarras y\u00a0Dimecres de Cendra\u201d (Mi\u00e9rcoles de ceniza) con sardinada.<\/p>\n<p>Carnaval en el Mercado Municipal de <strong>Arenys de Mar<\/strong> con una Jornada gastron\u00f3mica.<\/p>\n<h6><b>Marzo<\/b><\/h6>\n<p><strong>A mediados de mes.<\/strong> \u201cCal\u00e7otada diab\u00f2lica\u201d en <strong>Vilassar de Dalt.<\/strong><\/p>\n<h6><b>Abril<\/b><\/h6>\n<p><strong>Alrededor de Sant Jordi.<\/strong> Jornada gastron\u00f3mica en el Mercado Municipal de <strong>Arenys de Mar<\/strong>.<\/p>\n<p><strong>A finales de mes.<\/strong> \u201cFira del Maresme d&#8217;artesans del formatge i de pastor\u201d en <strong>Sant Pol de Mar<\/strong>.<\/p>\n<p><img decoding=\"async\" loading=\"lazy\" class=\"aligncenter wp-image-10728 size-medium\" src=\"https:\/\/bestmaresme.com\/blog\/wp-content\/uploads\/2020\/11\/formatge_189-300x300.jpg\" alt=\"\" width=\"300\" height=\"300\" srcset=\"https:\/\/bestmaresme.com\/blog\/wp-content\/uploads\/2020\/11\/formatge_189-300x300.jpg 300w, https:\/\/bestmaresme.com\/blog\/wp-content\/uploads\/2020\/11\/formatge_189-150x150.jpg 150w, https:\/\/bestmaresme.com\/blog\/wp-content\/uploads\/2020\/11\/formatge_189-768x766.jpg 768w, https:\/\/bestmaresme.com\/blog\/wp-content\/uploads\/2020\/11\/formatge_189-1024x1021.jpg 1024w, https:\/\/bestmaresme.com\/blog\/wp-content\/uploads\/2020\/11\/formatge_189.jpg 1368w\" sizes=\"(max-width: 300px) 100vw, 300px\" \/><\/p>\n<p>Entre finales de abril y principios de junio. En diversos pueblos del Maresme se celebra \u201cTemps de Maduixes\u201d (Tiempo de Fresas) con ferias y la participaci\u00f3n de restaurantes. Pueblos participantes: Arenys de Mar, Arenys de Munt, Calella, Canet de Mar, Matar\u00f3, Pineda de Mar, Premi\u00e0 de Dalt, Sant Pol de Mar, Santa Susanna, Sant Cebri\u00e0 de Vallalta, Sant Iscle de Vallalta y Vilassar de Dalt.<\/p>\n<h6><b>Mayo<\/b><\/h6>\n<p><strong>1 de mayo.<\/strong> \u201cDiada de la Creu\u201d (D\u00eda de la Cruz) en <strong>Canet de Mar<\/strong> con paella popular.<\/p>\n<p>&nbsp;<\/p>\n<p><strong>Mediados de mayo<\/strong>. <a href=\"https:\/\/portmasnou.com\/blog\/fira-comercial-gastronomica-del-masnou-2019\/\">Fira Comercial i Gastron\u00f2mica del <strong>Masnou<\/strong><\/a>, en el Port del Masnou.<\/p>\n<p><strong>Finales de mes<\/strong>. \u201cFesta cubana\u201d (Fiesta cubana), jornada gastron\u00f3mica en el Mercat de <strong>Arenys de Mar.<\/strong><\/p>\n<h6>Junio<\/h6>\n<p><strong>Todo el mes<\/strong>. Jornadas gastron\u00f3micas de la Cirera d\u2019en Roca en <strong>Arenys de Munt.<\/strong><\/p>\n<p><strong>Mediados de mes<\/strong>. \u201cMostra Gastron\u00f2mica de Sant Pol de Mar\u201d, con una veintena de restauradores que ofrecen sus especialidades.<\/p>\n<p><strong>A finales de mes<\/strong>. \u201cBirra i Tapes\u201d en el Mercado de <strong>Arenys de Mar<\/strong>.<\/p>\n<p><img decoding=\"async\" loading=\"lazy\" class=\" wp-image-10730 aligncenter\" src=\"https:\/\/bestmaresme.com\/blog\/wp-content\/uploads\/2020\/11\/birra-i-tapes-a-Arenys-300x146.jpg\" alt=\"\" width=\"403\" height=\"196\" srcset=\"https:\/\/bestmaresme.com\/blog\/wp-content\/uploads\/2020\/11\/birra-i-tapes-a-Arenys-300x146.jpg 300w, https:\/\/bestmaresme.com\/blog\/wp-content\/uploads\/2020\/11\/birra-i-tapes-a-Arenys.jpg 635w\" sizes=\"(max-width: 403px) 100vw, 403px\" \/><\/p>\n<h6><b>Julio<\/b><\/h6>\n<p><strong>A principios de mes.<\/strong> Cantada de Havaneras en Canet de Mar con \u201crom cremat\u201d (ron quemado).<\/p>\n<p><strong>Mediados de mes<\/strong>. El \u201cTastet d&#8217;Estiu\u201d, jornada gastron\u00f3mica en Vilassar de Mar.<\/p>\n<p><strong>Durante la fiesta mayor.<\/strong> \u201cMusclada\u201d en Canet de Mar con concurso y degustaci\u00f3n.<\/p>\n<p><img decoding=\"async\" loading=\"lazy\" class=\" wp-image-10731 aligncenter\" src=\"https:\/\/bestmaresme.com\/blog\/wp-content\/uploads\/2020\/11\/musclos-300x225.jpg\" alt=\"\" width=\"398\" height=\"298\" srcset=\"https:\/\/bestmaresme.com\/blog\/wp-content\/uploads\/2020\/11\/musclos-300x225.jpg 300w, https:\/\/bestmaresme.com\/blog\/wp-content\/uploads\/2020\/11\/musclos.jpg 640w\" sizes=\"(max-width: 398px) 100vw, 398px\" \/><\/p>\n<p><strong>Finales de mes<\/strong>. \u201cWine&amp;Tapes\u201d, jornada gastron\u00f3mica en el Mercat de Arenys de Mar.<\/p>\n<h6><b>Agosto<\/b><\/h6>\n<p><strong>A finales.<\/strong> Firamar con Festival d\u2019Havaneres y Sardinada popular en <strong>Sant Pol de Mar<\/strong><\/p>\n<h6><b>Septiembre<\/b><\/h6>\n<p><strong>Principios de mes.<\/strong> <a href=\"https:\/\/bestmaresme.com\/blog\/vive-la-festa-de-la-verema-de-alella-del-4-14-setiembre-2019\/\">Festa de la Verema de <\/a><strong><a href=\"https:\/\/bestmaresme.com\/blog\/vive-la-festa-de-la-verema-de-alella-del-4-14-setiembre-2019\/\">Alella<\/a>.<\/strong><\/p>\n<p><strong>Alrededor de la Diada<\/strong>. \u201cCargolada\u201d (Caracolada) en <strong>Canet de Mar<\/strong> con concurso y degustaci\u00f3n de caracoles.<\/p>\n<p><strong>Fin de semana m\u00e1s cercano a la Diada.<\/strong> Sardinada popular en <strong>Sant Pol de Mar<\/strong>, con motivo del Festival d\u2019Havaneres.<\/p>\n<p><strong>Segunda quincena.<\/strong> Con motivo de la \u201cFira Modernista\u201d, todo tipo de actividades gastron\u00f3micas en <strong>Canet de Mar.<\/strong><\/p>\n<p><strong>Hacia finales de mes.<\/strong> \u201cNit de tapes\u201d (Noche de tapas) en el Mercat Municipal de <strong>Montgat<\/strong>.<\/p>\n<p><img decoding=\"async\" loading=\"lazy\" class=\"aligncenter wp-image-10732 size-full\" src=\"https:\/\/bestmaresme.com\/blog\/wp-content\/uploads\/2020\/11\/Nit-de-tapes-al-mercat-de-montgat.jpg\" alt=\"\" width=\"512\" height=\"299\" srcset=\"https:\/\/bestmaresme.com\/blog\/wp-content\/uploads\/2020\/11\/Nit-de-tapes-al-mercat-de-montgat.jpg 512w, https:\/\/bestmaresme.com\/blog\/wp-content\/uploads\/2020\/11\/Nit-de-tapes-al-mercat-de-montgat-300x175.jpg 300w\" sizes=\"(max-width: 512px) 100vw, 512px\" \/><\/p>\n<p><strong>Hacia finales de mes.<\/strong> \u201cGin&amp;Tapes\u201d, jornada gastron\u00f3mica en el Mercat de <strong>Arenys de Mar<\/strong>.<\/p>\n<h6><b>Octubre<\/b><\/h6>\n<p><strong>Todo el mes.<\/strong> <a href=\"https:\/\/bestmaresme.com\/blog\/calamarenys-2019-en-arenys-de-mar\/\">\u201cCalamarenys\u201d,<\/a> jornadas gastron\u00f3micas del calamar en <strong>Arenys de Mar.<\/strong><\/p>\n<p><strong>Todo el mes.<\/strong> <a href=\"http:\/\/www.enoturismedoalella.com\/vimesdoalella\/\" target=\"_blank\" rel=\"noopener\">\u201cVi+\u201d<\/a>, actividades en torno al vino en los pueblos con territorio de la DO Alella.<\/p>\n<p><strong>A finales de mes<\/strong>. Muestra y degustaci\u00f3n de setas en Vilassar de Dalt.<\/p>\n<h6><b>Noviembre<\/b><\/h6>\n<p><strong>A mediados de mes<\/strong>. <a href=\"https:\/\/ajllavaneres.cat\/festacoca19\">\u201cFira de la Coca\u201d<\/a> en <strong>Sant Andreu de Llavaneres<\/strong>.<\/p>\n<p><img decoding=\"async\" loading=\"lazy\" class=\"aligncenter wp-image-10733\" src=\"https:\/\/bestmaresme.com\/blog\/wp-content\/uploads\/2020\/11\/Coca-de-llavaneras-300x245.jpg\" alt=\"\" width=\"340\" height=\"278\" \/><\/p>\n<p><strong>A finales de mes.<\/strong> Jornada gastron\u00f3mica de setas en el Mercat de <strong>Arenys de Mar<\/strong>.<\/p>\n<p><strong>Desde mediados de noviembre hasta finales de diciembre.<\/strong> Jornadas gastron\u00f3micas del \u201cfesol del ganxet\u201d (jud\u00eda de gancho) en Tordera y otros pueblos de la comarca.<\/p>\n<h6><b>Diciembre<\/b><\/h6>\n<p><strong>A mediados de mes<\/strong>. Maridaje de productos en <strong>Vilassar de Dalt.<\/strong><\/p>\n<h6><b>A lo largo de todo el a\u00f1o<\/b><\/h6>\n<p><strong>Cada primer s\u00e1bado de mes<\/strong>. D\u00eda de la tapa en <strong>Premi\u00e0 de Dalt<\/strong>.<\/p>","protected":false},"excerpt":{"rendered":"<p>Un a\u00f1o entre fresas, guisantes o vino La gastronom\u00eda del Maresme es muy apreciada tanto por la calidad como por la variedad de sus productos&hellip; <\/p>\n","protected":false},"author":1,"featured_media":10726,"parent":0,"menu_order":0,"comment_status":"closed","ping_status":"closed","template":"","meta":{"footnotes":""},"_links":{"self":[{"href":"https:\/\/bestmaresme.com\/blog\/wp-json\/wp\/v2\/pages\/10698"}],"collection":[{"href":"https:\/\/bestmaresme.com\/blog\/wp-json\/wp\/v2\/pages"}],"about":[{"href":"https:\/\/bestmaresme.com\/blog\/wp-json\/wp\/v2\/types\/page"}],"author":[{"embeddable":true,"href":"https:\/\/bestmaresme.com\/blog\/wp-json\/wp\/v2\/users\/1"}],"replies":[{"embeddable":true,"href":"https:\/\/bestmaresme.com\/blog\/wp-json\/wp\/v2\/comments?post=10698"}],"version-history":[{"count":9,"href":"https:\/\/bestmaresme.com\/blog\/wp-json\/wp\/v2\/pages\/10698\/revisions"}],"predecessor-version":[{"id":38994,"href":"https:\/\/bestmaresme.com\/blog\/wp-json\/wp\/v2\/pages\/10698\/revisions\/38994"}],"wp:featuredmedia":[{"embeddable":true,"href":"https:\/\/bestmaresme.com\/blog\/wp-json\/wp\/v2\/media\/10726"}],"wp:attachment":[{"href":"https:\/\/bestmaresme.com\/blog\/wp-json\/wp\/v2\/media?parent=10698"}],"curies":[{"name":"wp","href":"https:\/\/api.w.org\/{rel}","templated":true}]}}