{"id":10700,"date":"2020-11-26T18:44:22","date_gmt":"2020-11-26T18:44:22","guid":{"rendered":"https:\/\/bestmaresme.com\/blog\/?page_id=10700"},"modified":"2023-07-21T20:07:17","modified_gmt":"2023-07-21T20:07:17","slug":"las-ferias-gastronomicas-del-maresme-pueblo-a-pueblo","status":"publish","type":"page","link":"https:\/\/bestmaresme.com\/blog\/las-ferias-gastronomicas-del-maresme-pueblo-a-pueblo\/","title":{"rendered":"Las ferias gastron\u00f3micas del Maresme pueblo a pueblo"},"content":{"rendered":"<p><\/p>\n<h2>Las ferias gastron\u00f3micas pueblo a pueblo<\/h2>\n<p>Pocas comarcas catalanas pueden presumir de una gastronom\u00eda tan reconocida y variada como la del Maresme. Se puede afirmar\u00a0 que la mayor\u00eda de pueblos disfrutan a lo largo del a\u00f1o de <a href=\"https:\/\/bestmaresme.com\/blog\/calendario-de-ferias-gastronomicas-en-el-maresme\">ferias y fiestas <\/a>dedicadas a alguno de los ricos <a href=\"https:\/\/bestmaresme.com\/blog\/productos-gastronomicos-del-maresme\">productos gastron\u00f3micos del Maresme<\/a>..<\/p>\n<figure id=\"attachment_10384\" aria-describedby=\"caption-attachment-10384\" style=\"width: 700px\" class=\"wp-caption aligncenter\"><img decoding=\"async\" loading=\"lazy\" class=\"wp-image-10384 size-full\" src=\"https:\/\/bestmaresme.com\/blog\/wp-content\/uploads\/2020\/09\/Foto-Festa-Verena-Alella-ok.JPG.jpg\" alt=\"\" width=\"700\" height=\"350\" srcset=\"https:\/\/bestmaresme.com\/blog\/wp-content\/uploads\/2020\/09\/Foto-Festa-Verena-Alella-ok.JPG.jpg 700w, https:\/\/bestmaresme.com\/blog\/wp-content\/uploads\/2020\/09\/Foto-Festa-Verena-Alella-ok.JPG-300x150.jpg 300w\" sizes=\"(max-width: 700px) 100vw, 700px\" \/><figcaption id=\"caption-attachment-10384\" class=\"wp-caption-text\">Festa de la Verema a Alella<\/figcaption><\/figure>\n<h4><strong><a href=\"https:\/\/alella.cat\/turisme\">Alella<\/a><\/strong><\/h4>\n<ul>\n<li>Algunos restaurantes del pueblo participan cada a\u00f1o en la convocatoria <strong>\u201c<a href=\"https:\/\/bestmaresme.com\/blog\/jornada-gastronomica-del-guisante-del-maresme\/\">Temps de p\u00e8sol<\/a>s\u201d (Tiempo de guisantes).<\/strong><\/li>\n<li>En Alella destacan las numerosas actividades relacionadas con el <a href=\"https:\/\/bestmaresme.com\/blog\/vino-y-mar-ruta-por-la-do-alella\/\">enoturismo i la DO Alell<\/a>a.<\/li>\n<li>A principios de septiembre se celebra la \u201c<strong><a href=\"https:\/\/bestmaresme.com\/blog\/vive-la-festa-de-la-verema-de-alella-del-4-14-setiembre-2019\/\">Festa de la Verema<\/a><\/strong>\u201d (Fiesta de la Vendimia).<\/li>\n<\/ul>\n<figure id=\"attachment_8369\" aria-describedby=\"caption-attachment-8369\" style=\"width: 300px\" class=\"wp-caption aligncenter\"><img decoding=\"async\" loading=\"lazy\" class=\"wp-image-8369 size-medium\" src=\"https:\/\/bestmaresme.com\/blog\/wp-content\/uploads\/2019\/09\/cistella_amb_calamars-300x290.jpg\" alt=\"\" width=\"300\" height=\"290\" srcset=\"https:\/\/bestmaresme.com\/blog\/wp-content\/uploads\/2019\/09\/cistella_amb_calamars-300x290.jpg 300w, https:\/\/bestmaresme.com\/blog\/wp-content\/uploads\/2019\/09\/cistella_amb_calamars-768x742.jpg 768w, https:\/\/bestmaresme.com\/blog\/wp-content\/uploads\/2019\/09\/cistella_amb_calamars.jpg 795w\" sizes=\"(max-width: 300px) 100vw, 300px\" \/><figcaption id=\"caption-attachment-8369\" class=\"wp-caption-text\">Calamrs d&#8217;Arenys de Mar<\/figcaption><\/figure>\n<h4><strong><a href=\"http:\/\/www.arenysdemar.cat\/\">Arenys de Mar<\/a><\/strong><\/h4>\n<ul>\n<li>Algunos restaurantes del pueblo participan cada a\u00f1o en la convocatoria \u201c<a href=\"https:\/\/bestmaresme.com\/blog\/jornada-gastronomica-del-guisante-del-maresme\/\">Temps de p\u00e8sol<\/a>s\u201d (Tiempo de guisantes).<\/li>\n<li>Jornada gastron\u00f3mica en el Mercat municipal por Carnaval.<\/li>\n<li>En el 2020 se ha celebrado la 25 edici\u00f3n de \u201c<a href=\"https:\/\/bestmaresme.com\/blog\/calamarenys-2019-en-arenys-de-mar\/\">Calamarenys<\/a>\u201d, las \u201cJornades Gastron\u00f2miques del Calamar\u201d que se desarrollan en octubre.<\/li>\n<\/ul>\n<h4><strong><a href=\"http:\/\/www.arenysdemunt.cat\/\">Arenys de Munt<\/a><\/strong><\/h4>\n<ul>\n<li>\u201cLa Fira de la Maduixa\u201d (Feria de la Fresa) tiene lugar cada mes de mayo. En el marco de esta feria tiene lugar tambi\u00e9n el Enostast, donde se pueden degustar vinos de la DO Alella.<\/li>\n<li>Cada 24 de junio se celebra las Jornadas gastron\u00f3micas de la Cirera d\u2019en Roca. Estas cereza llevan el nombre de quienes trajeron a Arenys los primeros injertos de esta variedad tan distinta a la aut\u00f3ctona.<\/li>\n<\/ul>\n<figure id=\"attachment_5227\" aria-describedby=\"caption-attachment-5227\" style=\"width: 600px\" class=\"wp-caption aligncenter\"><img decoding=\"async\" loading=\"lazy\" class=\"wp-image-5227\" src=\"https:\/\/bestmaresme.com\/blog\/wp-content\/uploads\/2018\/11\/plato-guisantes-300x160.jpg\" alt=\"\" width=\"600\" height=\"320\" srcset=\"https:\/\/bestmaresme.com\/blog\/wp-content\/uploads\/2018\/11\/plato-guisantes-300x160.jpg 300w, https:\/\/bestmaresme.com\/blog\/wp-content\/uploads\/2018\/11\/plato-guisantes-768x410.jpg 768w, https:\/\/bestmaresme.com\/blog\/wp-content\/uploads\/2018\/11\/plato-guisantes-508x271.jpg 508w, https:\/\/bestmaresme.com\/blog\/wp-content\/uploads\/2018\/11\/plato-guisantes.jpg 900w\" sizes=\"(max-width: 600px) 100vw, 600px\" \/><figcaption id=\"caption-attachment-5227\" class=\"wp-caption-text\">Los guisantes del Maresme son conocidos como la &#8220;perla verde&#8221; por su gran calidad<\/figcaption><\/figure>\n<h4><strong><a href=\"http:\/\/argentona.cat\/\">Argentona<\/a><\/strong><\/h4>\n<ul>\n<li>Algunos restaurantes del pueblo participan cada a\u00f1o en la convocatoria \u201c<a href=\"https:\/\/bestmaresme.com\/blog\/jornada-gastronomica-del-guisante-del-maresme\/\">Temps de p\u00e8sol<\/a>s\u201d (Tiempo de guisantes).<\/li>\n<\/ul>\n<h4><strong><a href=\"http:\/\/www.caldetes.cat\/\">Caldes d\u2019Estra<\/a><a href=\"http:\/\/www.caldetes.cat\/\">c (Caldetes)<\/a><\/strong><\/h4>\n<ul>\n<li>A mediados de marzo tiene lugar la \u201c<a href=\"https:\/\/bestmaresme.com\/blog\/tiempo-de-guisantes-la-perla-verde-del-maresme\/\">Pesolada<\/a>\u201d con una ruta gastron\u00f3mica en la que participan un buen n\u00famero de restaurantes del pueblo .<\/li>\n<\/ul>\n<h4><strong><a href=\"http:\/\/www.calella.cat\/\">Calella<\/a><\/strong><\/h4>\n<ul>\n<li>A lo largo de todo el mes de mayo desde el Consorci de Promoci\u00f3 Tur\u00edstica Costa del Maresme y el Consell Comarcal del Maresme (Xarxa Productes de la Terra) organiza en varios municipios de la comarca, entre otros Calella, \u201c<a href=\"https:\/\/www.costadebarcelonamaresme.cat\/ca\/elmaresmedesdecasa\/temps-de-maduixes-al-maresme-2020\/temps-de-maduixes-2020\">Temps de Maduixes<\/a>\u201d (Tiempo de fresas), con muchas propuestas gastron\u00f3micas alrededor de las fresas.<\/li>\n<\/ul>\n<h4><strong><a href=\"http:\/\/www.turismecanet.cat\/\">Canet de Mar<\/a><\/strong><\/h4>\n<ul>\n<li>Por Carnaval se organizan actividades para el \u201cDimecres de Cendra\u201d (Mi\u00e9rcoles de ceniza) con sardinada y el \u201cDijous llarder\u201d (Jueves lardero) con tortillas y butifarras.<\/li>\n<li>Algunos restaurantes del pueblo participan cada a\u00f1o en la convocatoria \u201c<a href=\"https:\/\/bestmaresme.com\/blog\/jornada-gastronomica-del-guisante-del-maresme\/\">Temps de p\u00e8sol<\/a>s\u201d (Tiempo de guisantes).<\/li>\n<li>El 1 de mayo se celebra la \u201cDiada de la Creu\u201d (D\u00eda de la Cruz) con paella popular.<\/li>\n<li>A lo largo de todo el mes de mayo desde el Consorci de Promoci\u00f3 Tur\u00edstica Costa del Maresme y el Consell Comarcal del Maresme (Xarxa Productes de la Terra) organiza en varios municipios de la comarca, entre otros Canet de Mar, \u201c<a href=\"https:\/\/www.costadebarcelonamaresme.cat\/ca\/elmaresmedesdecasa\/temps-de-maduixes-al-maresme-2020\/temps-de-maduixes-2020\">Temps de Maduixes<\/a>\u201d (Tiempo de fresas), con muchas propuestas gastron\u00f3micas alrededor de las fresas.<\/li>\n<li>Durante la fiesta mayor, en julio, se celebra una \u201cMusclada\u201d popular y tambi\u00e9n una \u201cCantada de Havaneres\u201d con \u201crom cremat\u201d (ron quemado).<\/li>\n<li>Durante la Diada tiene lugar la \u201cCargolada\u201d, un concurso de cocina de caracoles y una degustaci\u00f3n popular.<\/li>\n<li>El <a href=\"https:\/\/bestmaresme.com\/blog\/casas-modernistas-en-el-maresme\/\">modernismo est\u00e1 muy presente en Canet de Mar<\/a>, no es extra\u00f1o pues que una de las citas m\u00e1s esperadas del a\u00f1o sea la \u201cFira Modernista\u201d que tiene lugar el mes de septiembre con una muy amplia oferta gastron\u00f3mica, entre otras actividades.<\/li>\n<\/ul>\n<h4><strong><a href=\"http:\/\/www.elmasnou.cat\/\">El Masnou<\/a><\/strong><\/h4>\n<ul>\n<li>Algunos restaurantes del pueblo participan cada a\u00f1o en la convocatoria \u201c<a href=\"https:\/\/bestmaresme.com\/blog\/jornada-gastronomica-del-guisante-del-maresme\/\">Temps de p\u00e8sol<\/a>s\u201d (Tiempo de guisantes).<\/li>\n<li>A principios de mayo de celebra la <a href=\"https:\/\/portmasnou.com\/blog\/fira-comercial-gastronomica-del-masnou-2019\/\">F<\/a><a href=\"https:\/\/portmasnou.com\/blog\/fira-comercial-gastronomica-del-masnou-2019\/\">ira<\/a><a href=\"https:\/\/portmasnou.com\/blog\/fira-comercial-gastronomica-del-masnou-2019\/\"> Comercial <\/a><a href=\"https:\/\/portmasnou.com\/blog\/fira-comercial-gastronomica-del-masnou-2019\/\">i <\/a><a href=\"https:\/\/portmasnou.com\/blog\/fira-comercial-gastronomica-del-masnou-2019\/\">Gastron<\/a><a href=\"https:\/\/portmasnou.com\/blog\/fira-comercial-gastronomica-del-masnou-2019\/\">\u00f2<\/a><a href=\"https:\/\/portmasnou.com\/blog\/fira-comercial-gastronomica-del-masnou-2019\/\">mica del Masnou<\/a>, en el Port.<\/li>\n<\/ul>\n<h4><strong><a href=\"https:\/\/www.mataro.cat\/\">Matar\u00f3<\/a><\/strong><\/h4>\n<ul>\n<li>Algunos restaurantes de la ciudad participan cada a\u00f1o en la convocatoria \u201c<a href=\"https:\/\/bestmaresme.com\/blog\/jornada-gastronomica-del-guisante-del-maresme\/\">Temps de p\u00e8sol<\/a>s\u201d (Tiempo de guisantes).<\/li>\n<li>A lo largo de todo el mes de mayo desde el Consorci de Promoci\u00f3 Tur\u00edstica Costa del Maresme y el Consell Comarcal del Maresme (Xarxa Productes de la Terra) organiza en varios municipios de la comarca, entre otros Matar\u00f3, \u201c<a href=\"https:\/\/www.costadebarcelonamaresme.cat\/ca\/elmaresmedesdecasa\/temps-de-maduixes-al-maresme-2020\/temps-de-maduixes-2020\">Temps de Maduixes<\/a>\u201d (Tiempo de fresas), con muchas propuestas gastron\u00f3micas alrededor de las fresas.<\/li>\n<\/ul>\n<h4><strong><a href=\"http:\/\/www.montgat.cat\/\">Montgat<\/a><\/strong><\/h4>\n<ul>\n<li>Desde el 2017 a finales de septiembre se organiza una \u201c<a href=\"https:\/\/www.montgat.cat\/actualitat\/noticies\/tercera-edicio-de-la-nit-de-tapes-al-mercat-de-montgat.html\">Nit de tapes<\/a>\u201d (Noche de tapas) en el Mercat Municipal<\/li>\n<\/ul>\n<h4><strong><a href=\"https:\/\/www.pinedademar.cat\/\">Pineda de Mar<\/a><\/strong><\/h4>\n<ul>\n<li>A lo largo de todo el mes de mayo desde el Consorci de Promoci\u00f3 Tur\u00edstica Costa del Maresme y el Consell Comarcal del Maresme (Xarxa Productes de la Terra) organiza en varios municipios de la comarca, entre otros Pineda de Mar, \u201c<a href=\"https:\/\/www.costadebarcelonamaresme.cat\/ca\/elmaresmedesdecasa\/temps-de-maduixes-al-maresme-2020\/temps-de-maduixes-2020\">Temps de Maduixes<\/a>\u201d (Tiempo de fresas), con muchas propuestas gastron\u00f3micas alrededor de las fresas.<\/li>\n<\/ul>\n<h4><strong><a href=\"http:\/\/www.premiadedalt.cat\/\">Premi\u00e0 de Dalt<\/a><\/strong><\/h4>\n<ul>\n<li>A lo largo de todo el mes de mayo desde el Consorci de Promoci\u00f3 Tur\u00edstica Costa del Maresme y el Consell Comarcal del Maresme (Xarxa Productes de la Terra) organiza en varios municipios de la comarca, entre otros Premi\u00e0 de Dalt, \u201c<a href=\"https:\/\/www.costadebarcelonamaresme.cat\/ca\/elmaresmedesdecasa\/temps-de-maduixes-al-maresme-2020\/temps-de-maduixes-2020\">Temps de Maduixes<\/a>\u201d (Tiempo de fresas), con muchas propuestas gastron\u00f3micas alrededor de las fresas.<\/li>\n<li>El primer s\u00e1bado de cada mes tiene lugar el \u201c<a href=\"http:\/\/www.premiadedalt.cat\/events\/dia-de-la-tapa-de-premia-de-dalt\">D<\/a><a href=\"http:\/\/www.premiadedalt.cat\/events\/dia-de-la-tapa-de-premia-de-dalt\">i<\/a><a href=\"http:\/\/www.premiadedalt.cat\/events\/dia-de-la-tapa-de-premia-de-dalt\">a de la tapa<\/a>\u201d con una amplia oferta de tapas y bebidas a precios excepcionales en establecimientos adheridos a la campa\u00f1a.<\/li>\n<\/ul>\n<figure id=\"attachment_10733\" aria-describedby=\"caption-attachment-10733\" style=\"width: 300px\" class=\"wp-caption aligncenter\"><img decoding=\"async\" loading=\"lazy\" class=\"wp-image-10733 size-medium\" src=\"https:\/\/bestmaresme.com\/blog\/wp-content\/uploads\/2020\/11\/Coca-de-llavaneras-300x245.jpg\" alt=\"\" width=\"300\" height=\"245\" \/><figcaption id=\"caption-attachment-10733\" class=\"wp-caption-text\">Coca de Llavaneres<\/figcaption><\/figure>\n<h4><strong><a href=\"https:\/\/ajllavaneres.cat\/\">Sant Andreu de Llavaneres<\/a><\/strong><\/h4>\n<ul>\n<li>En abril organizan la \u201cTemps de p\u00e8sols\u201d con muchas actividades y la participaci\u00f3n de un buen n\u00famero de restaurantes del pueblo<\/li>\n<li>La <a href=\"https:\/\/ajllavaneres.cat\/festacoca19\">Festa Gastron\u00f2mica de la Coca de Llavaneres<\/a>, que se celebra en noviembre, lleva m\u00e1s de 21 ediciones.<\/li>\n<\/ul>\n<h4><strong><a href=\"http:\/\/www.stcebria.net\/\">Sant Cebri\u00e0 de Vallalta<\/a><\/strong><\/h4>\n<ul>\n<li>A lo largo de todo el mes de mayo desde el Consorci de Promoci\u00f3 Tur\u00edstica Costa del Maresme y el Consell Comarcal del Maresme (Xarxa Productes de la Terra) organiza en varios municipios de la comarca, entre otros Sant Cebri\u00e0 de Vallalta, \u201c<a href=\"https:\/\/www.costadebarcelonamaresme.cat\/ca\/elmaresmedesdecasa\/temps-de-maduixes-al-maresme-2020\/temps-de-maduixes-2020\">Temps de Maduixes<\/a>\u201d (Tiempo de fresas), con muchas propuestas gastron\u00f3micas alrededor de las fresas.<\/li>\n<\/ul>\n<h4><strong><a href=\"https:\/\/www.santiscle.cat\/\">Sant Iscle de Vallalta<\/a><\/strong><\/h4>\n<ul>\n<li>A lo largo de todo el mes de mayo desde el Consorci de Promoci\u00f3 Tur\u00edstica Costa del Maresme y el Consell Comarcal del Maresme (Xarxa Productes de la Terra) organiza en varios municipios de la comarca, entre otros Sant Iscle de Vallalta, \u201c<a href=\"https:\/\/www.costadebarcelonamaresme.cat\/ca\/elmaresmedesdecasa\/temps-de-maduixes-al-maresme-2020\/temps-de-maduixes-2020\">Temps de Maduixes<\/a>\u201d (Tiempo de fresas), con muchas propuestas gastron\u00f3micas alrededor de las fresas.<\/li>\n<\/ul>\n<h4><strong><a href=\"http:\/\/www.santpol.cat\/\">Sant Pol de Mar<\/a><\/strong><\/h4>\n<ul>\n<li>Algunos restaurantes de la ciudad participan cada a\u00f1o en la convocatoria \u201c<a href=\"https:\/\/bestmaresme.com\/blog\/jornada-gastronomica-del-guisante-del-maresme\/\">Temps de p\u00e8sol<\/a>s\u201d (Tiempo de guisantes).<\/li>\n<li>En abril tiene lugar la \u201cFira del Maresme d&#8217;artesans del formatge i de pastor\u201d.<\/li>\n<li>A lo largo de todo el mes de mayo desde el Consorci de Promoci\u00f3 Tur\u00edstica Costa del Maresme y el Consell Comarcal del Maresme (Xarxa Productes de la Terra) organiza en varios municipios de la comarca, entre otros Sant Pol de Mar, \u201c<a href=\"https:\/\/www.costadebarcelonamaresme.cat\/ca\/elmaresmedesdecasa\/temps-de-maduixes-al-maresme-2020\/temps-de-maduixes-2020\">Temps de Maduixes<\/a>\u201d (Tiempo de fresas), con muchas propuestas gastron\u00f3micas alrededor de las fresas.<\/li>\n<li>A mediados de junio tiene lugar la \u201cMostra Gastron\u00f2mica de Sant Pol\u201d, que re\u00fane en el Parc del Litoral una veintena de restaurantes y establecimientos del pueblo, que ofrecen sus especialidades culinarias.<\/li>\n<li>A finales de agosto se celebra Firamar, una feria de artes, oficios y motivos marineros, que incluye el Festival d\u2019Havaneres y una Sardinada popular.<\/li>\n<li>El fin de semana m\u00e1s cercano a la Diada se organiza otra Sardinada popular.<\/li>\n<\/ul>\n<h4><strong><a href=\"https:\/\/www.svmontalt.cat\/\">Sant Vicen\u00e7 de Montalt<\/a><\/strong><\/h4>\n<ul>\n<li>Algunos restaurantes de la ciudad participan cada a\u00f1o en la convocatoria \u201c<a href=\"https:\/\/bestmaresme.com\/blog\/jornada-gastronomica-del-guisante-del-maresme\/\">Temps de p\u00e8sol<\/a>s\u201d (Tiempo de guisantes).<\/li>\n<\/ul>\n<figure id=\"attachment_10714\" aria-describedby=\"caption-attachment-10714\" style=\"width: 840px\" class=\"wp-caption aligncenter\"><img decoding=\"async\" loading=\"lazy\" class=\"wp-image-10714 size-full\" src=\"https:\/\/bestmaresme.com\/blog\/wp-content\/uploads\/2020\/11\/festa-del-bolet-a-santa-susanna.jpg\" alt=\"\" width=\"840\" height=\"440\" srcset=\"https:\/\/bestmaresme.com\/blog\/wp-content\/uploads\/2020\/11\/festa-del-bolet-a-santa-susanna.jpg 840w, https:\/\/bestmaresme.com\/blog\/wp-content\/uploads\/2020\/11\/festa-del-bolet-a-santa-susanna-300x157.jpg 300w, https:\/\/bestmaresme.com\/blog\/wp-content\/uploads\/2020\/11\/festa-del-bolet-a-santa-susanna-768x402.jpg 768w\" sizes=\"(max-width: 840px) 100vw, 840px\" \/><figcaption id=\"caption-attachment-10714\" class=\"wp-caption-text\">Fira del Bolet de Santa Susanna<\/figcaption><\/figure>\n<h4><strong><a href=\"https:\/\/www.stasusanna.cat\/\">Santa Susanna<\/a><\/strong><\/h4>\n<ul>\n<li>A lo largo de todo el mes de mayo desde el Consorci de Promoci\u00f3 Tur\u00edstica Costa del Maresme y el Consell Comarcal del Maresme (Xarxa Productes de la Terra) organiza en varios municipios de la comarca, entre otros Santa Susanna, \u201c<a href=\"https:\/\/www.costadebarcelonamaresme.cat\/ca\/elmaresmedesdecasa\/temps-de-maduixes-al-maresme-2020\/temps-de-maduixes-2020\">Temps de Maduixes<\/a>\u201d (Tiempo de fresas), con muchas propuestas gastron\u00f3micas alrededor de las fresas.<\/li>\n<li>A finales de noviembre tiene lugar la Fira del Bolet de Santa Susanna.<\/li>\n<\/ul>\n<h4><strong><a href=\"http:\/\/www.tordera.cat\/\">Tordera<\/a><\/strong><\/h4>\n<ul>\n<li>Jornadas gastron\u00f3micas del \u201cfesol del ganxet\u201d (jud\u00eda de gancho), producto con Denominaci\u00f3n de Origen Protegida. En las jornadas participan restaurantes de numerosos pueblos de la comarca.<\/li>\n<\/ul>\n<h4><strong><a href=\"http:\/\/www.vilassardedalt.cat\/\">Vilassar de Dalt<\/a><\/strong><\/h4>\n<ul>\n<li>En marzo la Colla dels Diab\u00f2lics An\u00f2nims de Vilassar de Dalt organiza la \u201cCal\u00e7otada diab\u00f2lica\u201d, una \u201ccal\u00e7otada\u201d popular.<\/li>\n<li>A lo largo de todo el mes de mayo desde el Consorci de Promoci\u00f3 Tur\u00edstica Costa del Maresme y el Consell Comarcal del Maresme (Xarxa Productes de la Terra) organiza en varios municipios de la comarca, entre otros Vilassar de Dalt, \u201c<a href=\"https:\/\/www.costadebarcelonamaresme.cat\/ca\/elmaresmedesdecasa\/temps-de-maduixes-al-maresme-2020\/temps-de-maduixes-2020\">Temps de Maduixes<\/a>\u201d (Tiempo de fresas), con muchas propuestas gastron\u00f3micas alrededor de las fresas.<\/li>\n<li>En octubre se celebra la \u201cFira del Bolet i la Natura\u201d, una muestra \/ degustaci\u00f3n de setas organizada por la Associaci\u00f3 Amics dels Bolets y el ayuntamiento.<\/li>\n<li>En diciembre y con motivo de la \u201cFira Santa Ll\u00facia\u201d tienen lugar maridajes de productos como quesos y vinos.<\/li>\n<\/ul>\n<h4><a href=\"http:\/\/www.vilassardemar.cat\/\">Vilassar de Mar<\/a><\/h4>\n<ul>\n<li>A mediados de julo Vilassar Comer\u00e7 organiza en el n\u00facleo antiguo el \u201cTastet d&#8217;Estiu\u201d, una jornada gastron\u00f3mica con cena incluida.<\/li>\n<\/ul>\n<p><\/p>","protected":false},"excerpt":{"rendered":"<p>Las ferias gastron\u00f3micas pueblo a pueblo Pocas comarcas catalanas pueden presumir de una gastronom\u00eda tan reconocida y variada como la del Maresme. Se puede afirmar\u00a0&hellip; <\/p>\n","protected":false},"author":1,"featured_media":9219,"parent":0,"menu_order":0,"comment_status":"closed","ping_status":"closed","template":"","meta":{"footnotes":""},"_links":{"self":[{"href":"https:\/\/bestmaresme.com\/blog\/wp-json\/wp\/v2\/pages\/10700"}],"collection":[{"href":"https:\/\/bestmaresme.com\/blog\/wp-json\/wp\/v2\/pages"}],"about":[{"href":"https:\/\/bestmaresme.com\/blog\/wp-json\/wp\/v2\/types\/page"}],"author":[{"embeddable":true,"href":"https:\/\/bestmaresme.com\/blog\/wp-json\/wp\/v2\/users\/1"}],"replies":[{"embeddable":true,"href":"https:\/\/bestmaresme.com\/blog\/wp-json\/wp\/v2\/comments?post=10700"}],"version-history":[{"count":5,"href":"https:\/\/bestmaresme.com\/blog\/wp-json\/wp\/v2\/pages\/10700\/revisions"}],"predecessor-version":[{"id":38995,"href":"https:\/\/bestmaresme.com\/blog\/wp-json\/wp\/v2\/pages\/10700\/revisions\/38995"}],"wp:featuredmedia":[{"embeddable":true,"href":"https:\/\/bestmaresme.com\/blog\/wp-json\/wp\/v2\/media\/9219"}],"wp:attachment":[{"href":"https:\/\/bestmaresme.com\/blog\/wp-json\/wp\/v2\/media?parent=10700"}],"curies":[{"name":"wp","href":"https:\/\/api.w.org\/{rel}","templated":true}]}}