{"id":925,"date":"2016-06-03T15:36:48","date_gmt":"2016-06-03T15:36:48","guid":{"rendered":"http:\/\/bestmaresme.com\/blog\/?page_id=925"},"modified":"2025-09-09T12:35:28","modified_gmt":"2025-09-09T12:35:28","slug":"aviso-legal","status":"publish","type":"page","link":"https:\/\/bestmaresme.com\/blog\/aviso-legal\/","title":{"rendered":"Pol\u00edtica de privacidad"},"content":{"rendered":"<p>Informaci\u00f3n b\u00e1sica de protecci\u00f3n de Datos Personales<\/p>\n<p>1\u00ba-) Le informamos de que sus datos personales ser\u00e1n conservados en los ficheros de BEST MARESME, S.L., con NIF B-66683095 y domicilio en Cabrils (08348) Carretera de Vilassar de Dalt, n\u00ba 6, tel\u00e9fono 93.759.46.92 y email bestmaresme@bestmaresme.com; que es tambi\u00e9n el responsable del Tratamiento de dichos datos. Al aportar Vd. sus datos personales, quedamos autorizados a la conservaci\u00f3n y tratamiento de dichos datos con la finalidad de prestar nuestros servicios inmobiliarios de comercializaci\u00f3n de inmueble; conserv\u00e1ndose los datos por un plazo de seis (6) a\u00f1os, tras lo cual ser\u00edan destruidos, salvo contraorden por escrito de Vd; 2\u00ba-) Al aportar sus datos, Vd. garantiza la autenticidad y exactitud de todos aquellos que comunique, y deber\u00e1 mantener actualizada la informaci\u00f3n que facilite a BEST MARESME, S.L, de forma que responda en todo momento a su situaci\u00f3n real; 3\u00ba-) Su aceptaci\u00f3n al presente Aviso Legal supone la prestaci\u00f3n de su consentimiento expreso para que BEST MARESME, S.L pueda remitirle comunicaciones publicitarias o promocionales por correo electr\u00f3nico u otro medio de comunicaci\u00f3n equivalente, en los t\u00e9rminos establecidos por la Ley 34\/2002, de Servicios de la Sociedad de la Informaci\u00f3n y de Comercio Electr\u00f3nico. En el supuesto de no estar interesado en recibir este tipo de comunicaciones puede dirigirse a BEST MARESME, S.L. a la direcci\u00f3n anteriormente indicada manifestando su voluntad; 4\u00ba-) Sus datos no ser\u00e1n cedidos a terceras personas f\u00edsicas ni jur\u00eddicas, a excepci\u00f3n de las siguientes cesiones que S\u00cd quedar\u00edan autorizadas por Vd.: I) Cesi\u00f3n de datos a Administradores de Fincas o agentes inmobiliarios con los que se concierte una colaboraci\u00f3n para comercializar un producto inmobiliario, visitar un inmueble y actividades similares; II) Cesi\u00f3n de datos a propietarios de inmuebles que se visiten por Vd., a fin de acreditar los servicios de BEST MARESME, S.L; c) Cesi\u00f3n de datos a Abogados y Procuradores para el ejercicio de acciones legales ante la Administraci\u00f3n o los Tribunales; d) Cesi\u00f3n de datos a la empresa de publicidad contratada por el Responsable para preparar y realizar acciones promocionales y comunicaciones por parte de BEST MARESME, S.L a sus clientes. Las cesiones se\u00f1aladas en los anteriores Apartados &#8220;a&#8221; al &#8220;b&#8221; se limitar\u00e1n al nombre completo y n\u00famero de documento de identidad del interesado; y la del apartado &#8220;d&#8221; se limitar\u00e1 al nombre, direcci\u00f3n de correo electr\u00f3nico, y en su caso, direcci\u00f3n del domicilio; 5\u00ba-) Que puede Vd. ejercitar en cualquier momento sus Derechos en relaci\u00f3n a dichos datos personales: Derecho a retirar su consentimiento, Derecho a solicitar al responsable del tratamiento el acceso a los datos personales relativos al interesado, y su rectificaci\u00f3n o supresi\u00f3n, o la limitaci\u00f3n de su tratamiento, o a oponerse al tratamiento, as\u00ed como el derecho a la portabilidad de los datos, todo ello en los t\u00e9rminos que establece la normativa legal (Reglamento Europeo de Protecci\u00f3n de Datos Personales 2016\/679, Ley Org\u00e1nica 15\/99, de 13 de diciembre, de Protecci\u00f3n de Datos Personales y dem\u00e1s normativa aplicable). Puede ejercitar dichos derechos envi\u00e1ndonos una Carta o Email a las direcciones referenciadas en el primer p\u00e1rrafo; 6\u00ba-) Igualmente le informamos de que: I) La base jur\u00eddica del tratamiento de los datos ser\u00eda la ejecuci\u00f3n del encargo de comercializar un inmueble conforme su solicitud o localizar un inmueble que se ajuste a sus intereses, por tanto la ejecuci\u00f3n de un contrato de prestaci\u00f3n de servicios por nuestra parte, II) Que sus datos personales ser\u00e1n objeto de tratamientos informatizados para incorporarlos a nuestros ficheros, III) Que con sus datos personales no se elaborar\u00e1n perfiles, IV) Que los datos imprescindibles que necesitamos a tal efecto son su nombre completo, n\u00famero de documento de identidad, y n\u00famero de tel\u00e9fono; sin los cuales nos ser\u00eda imposible prestar nuestros servicios, siendo tambi\u00e9n muy importante que, de ser posible, nos facilite su direcci\u00f3n de correo electr\u00f3nico, para facilitar las comunicaciones, V) Le informamos asimismo de la posibilidad de presentar, en cualquier momento, reclamaciones ante la Agencia Espa\u00f1ola de Datos Personales y\/o la Autoridad Catalana de Protecci\u00f3n de Datos.<\/p>\n<p>EXENCIONES DE RESPONSABILIDAD<\/p>\n<p>BEST MARESME, S.L no puede asumir ninguna responsabilidad derivada del uso incorrecto, inapropiado o il\u00edcito de la informaci\u00f3n aparecida en las p\u00e1ginas de Internet de BEST MARESME, S.L.<\/p>\n<p>Con los l\u00edmites establecidos en la ley, BEST MARESME, S.L no asume ninguna responsabilidad derivada de la falta de veracidad, integridad, actualizaci\u00f3n y precisi\u00f3n de los datos o informaciones que se<\/p>\n<p>contienen en sus p\u00e1ginas de Internet. Los contenidos e informaci\u00f3n de las p\u00e1ginas de Internet de BEST MARESME, S.L est\u00e1n elaborados por profesionales debidamente cualificados para el ejercicio de su profesi\u00f3n. Sin embargo, los contenidos e informaci\u00f3n no vinculan a la susodicha, ni constituyen opiniones, consejos o asesoramiento legal de ning\u00fan tipo, pues se trata meramente de un servicio ofrecido con car\u00e1cter informativo y divulgativo.<\/p>\n<p>Las p\u00e1ginas de Internet de BEST MARESME, S.L pueden contener enlaces (links) a otras p\u00e1ginas de terceros. Por lo tanto, \u00e9sta no podr\u00e1 asumir responsabilidades por el contenido que pueda aparecer en p\u00e1ginas de terceros. Los textos, im\u00e1genes, sonidos, animaciones, software y el resto de contenidos incluidos en este website son propiedad exclusiva de BEST MARESME, S.L o sus licenciantes. Cualquier acto de transmisi\u00f3n, distribuci\u00f3n, cesi\u00f3n, reproducci\u00f3n, almacenamiento o comunicaci\u00f3n p\u00fablica total o parcial, debe contar con el consentimiento expreso de BEST MARESME, S.L.<\/p>\n<p>PROPIEDAD INTELECTUAL<\/p>\n<p>Los contenidos suministrados por BEST MARESME, S.L est\u00e1n sujetos a los derechos de propiedad intelectual e industrial y son titularidad exclusiva de BEST MARESME, S.L o de las personas f\u00edsicas o jur\u00eddicas que se informe. Mediante la adquisici\u00f3n de un producto o servicio, BEST MARESME S.L. no confiere al adquirente ning\u00fan derecho de alteraci\u00f3n, explotaci\u00f3n, reproducci\u00f3n, distribuci\u00f3n o comunicaci\u00f3n p\u00fablica sobre el mismo, reserv\u00e1ndose BEST MARESME, S.L. todos estos derechos. La cesi\u00f3n de los citados derechos precisar\u00e1 el previo consentimiento por escrito por parte del titular de los mismos, de manera que el cliente no podr\u00e1 poner a disposici\u00f3n de terceras personas dichos contenidos.<\/p>\n<p>La propiedad intelectual se extiende, adem\u00e1s del contenido incluido en BEST MARESME, S.L, a sus gr\u00e1ficos, logotipos, dise\u00f1os, im\u00e1genes y c\u00f3digos fuente utilizado para su programaci\u00f3n.<\/p>\n<p>BEST MARESME, S.L ha obtenido la Informaci\u00f3n y los materiales incluidos en la web de fuentes consideradas como fiables y, si bien se han tomado medidas razonables para asegurarse de que la informaci\u00f3n contenida sea la correcta, BEST MARESME, S.L no puede garantizar que en todo momento y circunstancia dicha informaci\u00f3n sea exacta, completa, actualizada y, consecuentemente, no debe confiarse en ella como si lo fuera. BEST MARESME, S.L declina expresamente cualquier responsabilidad por error u omisi\u00f3n en la Informaci\u00f3n contenida en las p\u00e1ginas de esta web.<\/p>\n<p>BEST MARESME, S.L se reserva la facultad de modificar, suspender, cancelar o restringir el contenido de la web, los v\u00ednculos o la informaci\u00f3n obtenida a trav\u00e9s de ella, sin necesidad de previo aviso. \u00c9sta, en ning\u00fan caso, asume responsabilidad alguna como consecuencia de la incorrecta utilizaci\u00f3n de la web que pueda llevar a cabo el usuario, tanto de la informaci\u00f3n como de los servicios en ella contenidos.<\/p>\n<p>En ning\u00fan caso BEST MARESME, S.L, sus sucursales y\/o centros de trabajo, sus directores y\/o apoderados, empleados y, en general, el personal autorizado ser\u00e1n responsables de cualquier tipo de perjuicio, p\u00e9rdidas, reclamaciones o gastos de ning\u00fan tipo, tanto si proceden, directa o indirectamente, del uso y\/o difusi\u00f3n de la web o de la Informaci\u00f3n adquirida o accedida por o a trav\u00e9s de \u00e9sta, o de sus virus inform\u00e1ticos, de fallos operativos o de interrupciones en el servicio o transmisi\u00f3n o de fallos en la l\u00ednea en el uso de la web, tanto por conexi\u00f3n directa como por v\u00ednculo u otro medio, constituyendo a todos los efectos legales un aviso a cualquier usuario de que estas posibilidades y eventos pueden ocurrir.<\/p>\n<p>BEST MARESME, S.L no se hace responsable de las webs no propias a las que se pueda acceder mediante v\u00ednculos o enlaces (\u201clinks\u201d) o de cualquier contenido puesto a disposici\u00f3n de terceros. Cualquier uso de un v\u00ednculo o acceso a una web no propia ser\u00e1 realizado por voluntad y a riesgo y ventura exclusiva del usuario. BEST MARESME, S.L no recomienda ni garantiza ninguna de la\/s Informaci\u00f3n\/es obtenida\/s por o a trav\u00e9s de un v\u00ednculo, ni se responsabiliza de ninguna p\u00e9rdida, reclamaci\u00f3n o perjuicio derivado del uso o mal uso de un v\u00ednculo, o de la Informaci\u00f3n obtenida a trav\u00e9s de \u00e9l, incluyendo otros v\u00ednculos o webs, de la interrupci\u00f3n en el servicio o en el acceso, o del intento de usar o usar mal un v\u00ednculo, tanto al conectar a la web de BEST MARESME, S.L como al acceder a la informaci\u00f3n de otras webs desde la misma.<\/p>\n<p>PROPIEDAD INDUSTRIAL E INTELECTUAL<\/p>\n<p>Esta web es propiedad de BEST MARESME, S.L. Los derechos de Propiedad Intelectual y derechos de explotaci\u00f3n y reproducci\u00f3n de esta web, de sus p\u00e1ginas, pantallas, la Informaci\u00f3n que contienen, su apariencia y dise\u00f1o, as\u00ed como los v\u00ednculos (\u201chiperlinks\u201d) que se establezcan desde ella a otras p\u00e1ginas web de cualquier sociedad filial y\/o dominada de BEST MARESME, S.L, son propiedad exclusiva de \u00e9sta, salvo que expresamente se especifique otra cosa. Cualquier denominaci\u00f3n, dise\u00f1o y\/o logotipo, as\u00ed como cualquier producto o servicio ofrecidos y reflejados en esta p\u00e1gina web, son marcas debidamente registradas por BEST MARESME, S.L, por sus sociedades filiales y\/o dominadas o por terceros. Cualquier uso indebido de las mismas por personas diferentes de su leg\u00edtimo titular y sin el consentimiento expreso e inequ\u00edvoco por parte de \u00e9ste podr\u00e1 ser denunciado y perseguido a trav\u00e9s de todos los medios legales existentes en el Ordenamiento Jur\u00eddico espa\u00f1ol y\/o comunitario.<\/p>\n<p>Los derechos de propiedad intelectual y marchas de terceros est\u00e1n destacados convenientemente y deben ser respetados por todo aqu\u00e9l que acceda a esta p\u00e1gina, no siendo responsabilidad de BEST MARESME, S.L el uso que el usuario pueda llevar a cabo al respecto, recayendo la responsabilidad exclusiva en su persona.<\/p>\n<p>S\u00f3lo para uso personal y privado se permite descargar los contenidos, copiar o imprimir cualquier p\u00e1gina de esta web. Queda prohibido reproducir, transmitir, modificar o suprimir la informaci\u00f3n, contenido o advertencias de esta web sin la previa autorizaci\u00f3n por escrito de BEST MARESME, S.L.<\/p>\n<p>LEY APLICABLE Y JURISDICCION<\/p>\n<p>Las presentes condiciones generales se rigen por la Legislaci\u00f3n espa\u00f1ola, siendo competentes los Juzgados y Tribunales espa\u00f1oles para conocer de cuantas cuestiones se susciten sobre la interpretaci\u00f3n, aplicaci\u00f3n y cumplimiento de las mismas. El usuario, por virtud de su aceptaci\u00f3n a las condiciones generales recogidas en este aviso legal, renuncia expresamente a cualquier fuero que, por aplicaci\u00f3n de la Ley de Enjuiciamiento Civil vigente pudiera corresponderle.<\/p>\n<p>COOKIES<\/p>\n<p>En algunas ocasiones, esta web utiliza \u201cCookies\u201d, es decir, peque\u00f1os ficheros de datos que se generan en el ordenador del usuario y que permiten obtener la siguiente Informaci\u00f3n: 1) Fecha y hora de la \u00faltima vez que el usuario visit\u00f3 la web; 2) Dise\u00f1o y contenidos que el usuario escogi\u00f3 en su primera visita a la web; 3) Elementos de seguridad que intervienen en el control de acceso a las \u00e1reas restringidas y 4) Otras circunstancias an\u00e1logas. El usuario tiene la opci\u00f3n de impedir la generaci\u00f3n de cookies, mediante la selecci\u00f3n de la correspondiente opci\u00f3n en su programa navegador. Sin embargo, BEST MARESME, S.L no se responsabiliza de que la desactivaci\u00f3n de las mismas impida el buen funcionamiento de la p\u00e1gina web.<\/p>\n<p>&nbsp;<\/p>\n<p>TERCEROS<\/p>\n<p>Este sitio mide el tr\u00e1fico con diferentes soluciones que pueden utilizar cookies\u00a0 para analizar lo que sucede en nuestras p\u00e1ginas. Actualmente utilizamos Google Analitycs para la medici\u00f3n del tr\u00e1fico de este sitio. Puede ver m\u00e1s informaci\u00f3n sobre la pol\u00edtica de privacidad de Google utilizadas para tal efecto:<\/p>\n<p>&#8211; Google Analytics: <a href=\"http:\/\/www.google.com\/intl\/es_ALL\/privacypolicy.html\">http:\/\/www.google.com\/intl\/es_ALL\/privacypolicy.html<\/a><!--more--><\/p>","protected":false},"excerpt":{"rendered":"<p>Informaci\u00f3n b\u00e1sica de protecci\u00f3n de Datos Personales 1\u00ba-) Le informamos de que sus datos personales ser\u00e1n conservados en los ficheros de BEST MARESME, S.L., con&hellip; <\/p>\n","protected":false},"author":1,"featured_media":0,"parent":0,"menu_order":0,"comment_status":"closed","ping_status":"closed","template":"","meta":{"footnotes":""},"_links":{"self":[{"href":"https:\/\/bestmaresme.com\/blog\/wp-json\/wp\/v2\/pages\/925"}],"collection":[{"href":"https:\/\/bestmaresme.com\/blog\/wp-json\/wp\/v2\/pages"}],"about":[{"href":"https:\/\/bestmaresme.com\/blog\/wp-json\/wp\/v2\/types\/page"}],"author":[{"embeddable":true,"href":"https:\/\/bestmaresme.com\/blog\/wp-json\/wp\/v2\/users\/1"}],"replies":[{"embeddable":true,"href":"https:\/\/bestmaresme.com\/blog\/wp-json\/wp\/v2\/comments?post=925"}],"version-history":[{"count":8,"href":"https:\/\/bestmaresme.com\/blog\/wp-json\/wp\/v2\/pages\/925\/revisions"}],"predecessor-version":[{"id":49549,"href":"https:\/\/bestmaresme.com\/blog\/wp-json\/wp\/v2\/pages\/925\/revisions\/49549"}],"wp:attachment":[{"href":"https:\/\/bestmaresme.com\/blog\/wp-json\/wp\/v2\/media?parent=925"}],"curies":[{"name":"wp","href":"https:\/\/api.w.org\/{rel}","templated":true}]}}